{"id":10,"date":"2017-06-07T13:43:32","date_gmt":"2017-06-07T13:43:32","guid":{"rendered":"http:\/\/trollbox.de\/?page_id=10"},"modified":"2019-07-18T20:54:59","modified_gmt":"2019-07-18T20:54:59","slug":"spieleberatung","status":"publish","type":"page","link":"http:\/\/trollbox.de\/?page_id=10","title":{"rendered":"Spieleberatung"},"content":{"rendered":"\n<p>Kennt Ihr dieses Problem? <br><br>Die alten, wohlbekannten Spiele sind Klassiker &#8211; aber nach all den Jahren wird es Zeit f\u00fcr etwas Neues? <br><br>Du suchst mit Deinen Freunden neue Spiele f\u00fcr fantastische Zeiten zusammen? Oder spannende Duelle f\u00fcr zwei? Oder ganz einfach ein tolles Geschenk f\u00fcr begeisterte Spieler und solche, die es werden wollen? <br><br>Spiele sind einfach wundervoll &#8211;  sie bieten knifflige R\u00e4tsel, taktische Herausforderungen, Teamwork oder Kr\u00e4ftemessen &#8211; und das gegeneinander,  einzeln, in Teams, k\u00fcnstlerisch, sammelnd, kreativ.<br><br><strong>Was auch immer Du suchst &#8211; ich kann Dir weiterhelfen.<\/strong> <\/p>\n\n\n\n<p>Jahrzehntelange Erfahrung mit vielen fantastischen, innovativen und taktischen Spielen &#8211; in allen  Facetten der Spielewelt &#8211; helfen mir, Dich gut zu beraten und mit Dir zusammen das passende Spielererlebnis zu finden. <br><br>Ganz wichtig: In die Trollbox kommen nur pers\u00f6nlich getestete, gespielte und somit ausgew\u00e4hlte Spiele und Produkte. Spiele, die ich nicht selbst gespielt habe und f\u00fcr w\u00fcrdig erachte, kommen mir nicht in die Kiste. Weniger ist mehr!<br><br>Klingt spannend? Prima &#8211; nimm Kontakt mit mir auf! Wir finden bestimmt einen Termin und das passende Spiel.<\/p>\n","protected":false},"excerpt":{"rendered":"<p>Kennt Ihr dieses Problem? Die alten, wohlbekannten Spiele sind Klassiker &#8211; aber nach all den Jahren wird es Zeit f\u00fcr[&#8230;]<\/p>\n","protected":false},"author":1,"featured_media":0,"parent":0,"menu_order":0,"comment_status":"closed","ping_status":"closed","template":"","meta":{"footnotes":""},"class_list":["post-10","page","type-page","status-publish","hentry"],"_links":{"self":[{"href":"http:\/\/trollbox.de\/index.php?rest_route=\/wp\/v2\/pages\/10","targetHints":{"allow":["GET"]}}],"collection":[{"href":"http:\/\/trollbox.de\/index.php?rest_route=\/wp\/v2\/pages"}],"about":[{"href":"http:\/\/trollbox.de\/index.php?rest_route=\/wp\/v2\/types\/page"}],"author":[{"embeddable":true,"href":"http:\/\/trollbox.de\/index.php?rest_route=\/wp\/v2\/users\/1"}],"replies":[{"embeddable":true,"href":"http:\/\/trollbox.de\/index.php?rest_route=%2Fwp%2Fv2%2Fcomments&post=10"}],"version-history":[{"count":3,"href":"http:\/\/trollbox.de\/index.php?rest_route=\/wp\/v2\/pages\/10\/revisions"}],"predecessor-version":[{"id":41,"href":"http:\/\/trollbox.de\/index.php?rest_route=\/wp\/v2\/pages\/10\/revisions\/41"}],"wp:attachment":[{"href":"http:\/\/trollbox.de\/index.php?rest_route=%2Fwp%2Fv2%2Fmedia&parent=10"}],"curies":[{"name":"wp","href":"https:\/\/api.w.org\/{rel}","templated":true}]}}