{"id":12,"date":"2017-06-07T13:43:17","date_gmt":"2017-06-07T13:43:17","guid":{"rendered":"http:\/\/trollbox.de\/?page_id=12"},"modified":"2022-03-25T06:07:02","modified_gmt":"2022-03-25T06:07:02","slug":"unsere-philosophie","status":"publish","type":"page","link":"https:\/\/trollbox.de\/?page_id=12","title":{"rendered":"Unsere Philosophie"},"content":{"rendered":"\n<p>Die Welt dreht sich immer schneller &#8211; egal in welcher Hinsicht. Ob im Beruf, in der Schule, in der Freizeit &#8211; es wird immer schwieriger, einfach mal innezuhalten. Dieses Problem kennt jeder. Und um so wichtiger sind bewusste Momente &#8211; mit Kindern, Freunden, Kumpels. <br><br>Spiele allein geben uns diese Momente nicht &#8211; aber wenn wir uns die Zeit nehmen zu spielen, sorgen wir ganz sicher f\u00fcr Momente, die wir genie\u00dfen und an die wir uns immer wieder gerne zur\u00fcckerinnern.<br><br>Kein kurzes Videospiel, keine belanglose Nachricht in den sozialen Netzwerken kann das leisten. Es ist wunderbar, sich bewusst Zeit zu nehmen und mit anderen zu teilen &#8211; ganz pers\u00f6nlich und ohne Stress.<br><br>Wir w\u00fcrfeln, basteln Spielfelder, planen die n\u00e4chsten Z\u00fcge, lesen Regelb\u00fccher, bemalen Miniaturen und erschaffen so unsere eigenen Welten. <\/p>\n\n\n\n<p>Das ist nicht einfach nur ein Spiel &#8211; das ist Alternative &#8211; Taktik &#8211; Kunst.<\/p>\n\n\n\n<p><\/p>\n\n\n\n<h2 class=\"wp-block-heading\">\u00dcber mich<\/h2>\n\n\n\n<p>Mein Name ist Guido Hilgert. Ich habe im Alter von 12 Jahren Fantasy-Rollenspiele kennen und lieben gelernt &#8211; ganz klassisch mit Stift und Papier ( Pen+Paper). <br><br>Fantastische Welten haben mich schon immer in Ihren Bann gezogen. Ob nun Star Wars, Conan, Herr der Ringe , Mad Max &#8211; B\u00fccher und Filme gab es ja  zu gen\u00fcge. Und so las ich in B\u00fcchern von anderen Welten und spielte in meiner  Freizeit viele viele Nachmittage, Abende und N\u00e4chte mit Freunden. <br><br>Zwischendurch erschienen die ersten deutschsprachigen DungeonCrawler  (HeroQuest) und nach und nach kamen Brettspiele und taktische Spiele (Tabletops) wie Warhammer und Battletech dazu. Letzteres brachte auch den Modelbau und das Bemalen von Miniaturen mit sich. Es gab Spielerorganisationen , Turniere und Fantasy\/SciFi-Veranstaltungen. Letztlich lernte ich auch Kartenspiele wie Magic und Netrunner kennen. <\/p>\n\n\n\n<p>Rollenspielabenteuer wurden geschrieben, Figuren bemalt, Gel\u00e4nde und Dioramen gebastelt, Karten sortiert, Regeln angepasst &#8211; und nat\u00fcrlich viel ,viel gelacht! <br><br>Meine Faszination f\u00fcr gute Spiele, taktische Herausforderungen, fantastische Welten, nette Menschen und spa\u00dfige, spannende Treffen hat sich nie gelegt. <\/p>\n","protected":false},"excerpt":{"rendered":"<p>Die Welt dreht sich immer schneller &#8211; egal in welcher Hinsicht. Ob im Beruf, in der Schule, in der Freizeit[&#8230;]<\/p>\n","protected":false},"author":1,"featured_media":0,"parent":0,"menu_order":0,"comment_status":"closed","ping_status":"closed","template":"","meta":{"footnotes":""},"class_list":["post-12","page","type-page","status-publish","hentry"],"_links":{"self":[{"href":"https:\/\/trollbox.de\/index.php?rest_route=\/wp\/v2\/pages\/12","targetHints":{"allow":["GET"]}}],"collection":[{"href":"https:\/\/trollbox.de\/index.php?rest_route=\/wp\/v2\/pages"}],"about":[{"href":"https:\/\/trollbox.de\/index.php?rest_route=\/wp\/v2\/types\/page"}],"author":[{"embeddable":true,"href":"https:\/\/trollbox.de\/index.php?rest_route=\/wp\/v2\/users\/1"}],"replies":[{"embeddable":true,"href":"https:\/\/trollbox.de\/index.php?rest_route=%2Fwp%2Fv2%2Fcomments&post=12"}],"version-history":[{"count":5,"href":"https:\/\/trollbox.de\/index.php?rest_route=\/wp\/v2\/pages\/12\/revisions"}],"predecessor-version":[{"id":69,"href":"https:\/\/trollbox.de\/index.php?rest_route=\/wp\/v2\/pages\/12\/revisions\/69"}],"wp:attachment":[{"href":"https:\/\/trollbox.de\/index.php?rest_route=%2Fwp%2Fv2%2Fmedia&parent=12"}],"curies":[{"name":"wp","href":"https:\/\/api.w.org\/{rel}","templated":true}]}}